{"id":206,"date":"2016-09-09T13:41:33","date_gmt":"2016-09-09T13:41:33","guid":{"rendered":"https:\/\/www.costanzoeassociati.it\/?page_id=206"},"modified":"2021-05-22T20:51:06","modified_gmt":"2021-05-22T20:51:06","slug":"privacy","status":"publish","type":"page","link":"https:\/\/www.costanzoeassociati.it\/en\/privacy\/","title":{"rendered":"Privacy"},"content":{"rendered":"\n<p><strong>Informativa per trattamento di dati personali \u2013 Documento informativo ai sensi e per gli&nbsp;<\/strong><strong>effetti di cui all\u2019articolo 13, D.Lgs. 30 giugno 2003 n. 196<\/strong><\/p>\n\n\n\n<p>In osservanza al D.Lgs. 30 giugno 2003 n. 196 (Codice Privacy) e successive variazioni, siamo a fornirLe le dovute informazioni in ordine al trattamento dei dati personali da lei forniti. L\u2019informativa non \u00e8 da considerarsi valida per altri siti web eventualmente consultabili tramite links presenti sui siti internet a dominio del titolare, che non \u00e8 da considerarsi in alcun modo responsabile dei siti internet dei terzi. Si tratta di un\u2019informativa che \u00e8 resa anche ai sensi dell\u2019art. <a href=\"http:\/\/www.garanteprivacy.it\/web\/guest\/home\/docweb\/-\/docweb-display\/docweb\/1311248#articolo13\" target=\"_blank\" rel=\"noopener\">13 del d.lg. n. 196\/2003<\/a> \u2013 Codice in materia di protezione dei dati personali. L\u2019informativa si ispira anche alla Raccomandazione n. 2\/2001 che le autorit\u00e0 europee per la protezione dei dati personali, riunite nel Gruppo istituito <a href=\"http:\/\/www.garanteprivacy.it\/web\/guest\/home\/docweb\/-\/docweb-display\/docweb\/432175\" target=\"_blank\" rel=\"noopener\">dall\u2019art. 29 della direttiva n. 95\/46\/CE<\/a>, hanno adottato il 17 maggio 2001 per individuare alcuni requisiti minimi per la raccolta di dati personali on-line, e, in particolare, le modalit\u00e0, i tempi e la natura delle informazioni che i titolari del trattamento devono fornire agli utenti quando questi si collegano a pagine web, indipendentemente dagli scopi del collegamento, nonch\u00e9 a quanto previsto dalla <a href=\"http:\/\/eur-lex.europa.eu\/LexUriServ\/LexUriServ.do?uri=OJ:L:2009:337:0011:0036:it:PDF\" target=\"_blank\" rel=\"noopener\">Direttiva 2002\/58\/CE<\/a>, come aggiornata dalla Direttiva 2009\/136\/CE, in materia di Cookie.<\/p>\n\n\n\n<h3 class=\"wp-block-heading\">1) Titolare, responsabile e luogo del trattamento<\/h3>\n\n\n\n<p><b>IL \u201cTITOLARE\u201d DEL TRATTAMENTO<\/b><br>Il titolare del trattamento, ai sensi dell\u2019<a href=\"http:\/\/www.garanteprivacy.it\/web\/guest\/home\/docweb\/-\/docweb-display\/docweb\/1311248#articolo28\" target=\"_blank\" rel=\"noopener\">articolo 28<\/a> del Codice in materia di protezione dei dati personali \u00e8 Costanzo & Associati\u00a0\u2013 sede legale e Amministrativa:Via Tortona, 37 - 20144 Milano, nella persona del legale rappresentante pro-tempore.<\/p>\n\n\n\n<p><b>RESPONSABILE DEL TRATTAMENTO<\/b><br>Ai sensi dell\u2019<a href=\"http:\/\/www.garanteprivacy.it\/web\/guest\/home\/docweb\/-\/docweb-display\/docweb\/1311248#articolo29\" target=\"_blank\" rel=\"noopener\">articolo 29<\/a> del Codice in materia di protezione dei dati personali, il responsabile del trattamento \u00e8 il Rappresentante Legale della\u00a0Costanzo & Associati.<\/p>\n\n\n\n<p><b>LUOGO DI TRATTAMENTO DEI DATI<\/b><br>I trattamenti sono effettuati presso le sedi del Titolare del trattamento e presso le sedi di soggetti esterni individuati.<\/p>\n\n\n\n<h3 class=\"wp-block-heading\">2)&nbsp;Tipi di dati trattati<\/h3>\n\n\n\n<h4 class=\"wp-block-heading\">Dati personali e identificativi<\/h4>\n\n\n\n<p><strong>Dati personali<\/strong>, qualunque informazione relativa a persona fisica, identificata o identificabile, anche indirettamente, mediante riferimento a qualsiasi altra informazione, ivi compreso un numero di identificazione personale.<\/p>\n\n\n\n<p><strong>Dati identificativi<\/strong>, i dati personali che permettono l\u2019identificazione diretta dell\u2019interessato (quali a titolo esemplificativo nome, cognome, data di nascita, indirizzo, indirizzo e-mail, numero di telefono, ecc\u2026).<\/p>\n\n\n\n<h4 class=\"wp-block-heading\">Dati di navigazione<\/h4>\n\n\n\n<p>I sistemi informatici e le procedure software preposte al funzionamento di questo sito web acquisiscono, nel corso del loro normale esercizio, alcuni dati personali la cui trasmissione \u00e8 implicita nell\u2019uso dei protocolli di comunicazione di Internet.<br>Si tratta di informazioni che non sono raccolte per essere associate a interessati identificati, ma che per loro stessa natura potrebbero, attraverso elaborazioni ed associazioni con dati detenuti da terzi, permettere di identificare gli utenti.<br>In questa categoria di dati rientrano gli indirizzi IP o i nomi a dominio dei computer utilizzati dagli utenti che si connettono al sito, gli indirizzi in notazione URI (Uniform Resource Identifier) delle risorse richieste, l\u2019orario della richiesta, il metodo utilizzato nel sottoporre la richiesta al server, la dimensione del file ottenuto in risposta, il codice numerico indicante lo stato della risposta data dal server (buon fine, errore, ecc.) ed altri parametri relativi al sistema operativo e all\u2019ambiente informatico dell\u2019utente.<\/p>\n\n\n\n<h4 class=\"wp-block-heading\">Dati forniti volontariamente dall\u2019utente<\/h4>\n\n\n\n<p>L\u2019invio facoltativo, esplicito e volontario di posta elettronica agli indirizzi indicati su questo sito e\/o la compilazione di form di raccolta dati, comporta la successiva acquisizione dell\u2019indirizzo del mittente, necessario per rispondere alle richieste, nonch\u00e9 degli eventuali altri dati personali inseriti.<\/p>\n\n\n\n<h4 class=\"wp-block-heading\">Cookies<\/h4>\n\n\n\n<p>Si veda la cookies policy al <a href=\"\/cookies-policy\/\">seguente link<\/a>.<\/p>\n\n\n\n<h3 class=\"wp-block-heading\">3) Finalit\u00e0 del trattamento per le quali si concede consenso laddove richiesto (art. 23 D.Lgs. 196\/03)<\/h3>\n\n\n\n<p>A) I dati di natura personale, volontariamente forniti saranno oggetto di trattamento per le seguenti finalit\u00e0:<\/p>\n\n\n\n<ul class=\"wp-block-list\"><li>navigazione sul presente sito internet;<\/li><li>eventuale compilazione di form di raccolta dati per richieste di preventivo e\/o contatti e\/o invio candidature;<\/li><li>eventuale compilazione di form di raccolta dati per booking on-line;<\/li><li>attivit\u00e0 amministrativo-contabili in genere.<\/li><\/ul>\n\n\n\n<p>Ai fini dell\u2019applicazione delle disposizioni in materia di protezione dei dati personali, i trattamenti effettuati per finalit\u00e0 amministrativo-contabili sono quelli connessi allo svolgimento delle attivit\u00e0 di natura organizzativa, amministrativa, finanziaria e contabile, a prescindere dalla natura dei dati trattati. In particolare, perseguono tali finalit\u00e0 le attivit\u00e0 organizzative interne, quelle funzionali all\u2019adempimento di obblighi contrattuali e precontrattuali, attivit\u00e0 informativa.<\/p>\n\n\n\n<p>B) I dati personali forniti nella compilazione dei form di raccolta dati presenti nei siti web o moduli di raccolta dati in genere (quali nome, cognome, indirizzo e-mail) saranno trattati, previo consenso, dal Titolare e dai Responsabili del trattamento per attivit\u00e0 di natura promozionale commerciale e newsletters via e-mail.<\/p>\n\n\n\n<h3 class=\"wp-block-heading\">4) Modalit\u00e0 del trattamento \u2013 Conservazione<\/h3>\n\n\n\n<p>Il trattamento sar\u00e0 svolto in forma automatizzata e manuale, con modalit\u00e0 e strumenti volti a garantire la massima sicurezza e riservatezza, ad opera di soggetti di ci\u00f2 appositamente incaricati in ottemperanza a quanto previsto dagli artt. 31 e segg. D.Lgs 196\/03. I dati saranno conservati per un periodo non superiore agli scopi per i quali i dati sono stati raccolti e successivamente trattati.<\/p>\n\n\n\n<h3 class=\"wp-block-heading\">5) Ambito di comunicazione e diffusione<\/h3>\n\n\n\n<p>I Suoi dati, oggetto del trattamento, non saranno diffusi e potranno essere comunicati a societ\u00e0 contrattualmente legate a Costanzo & Associati, al fine di ottemperare ai contratti o finalit\u00e0 connesse. I dati potranno essere comunicati a terzi appartenenti alle seguenti categorie:<\/p>\n\n\n\n<ul class=\"wp-block-list\"><li>soggetti che forniscono servizi per la gestione del sistema informativo usato da Costanzo & Associati e delle reti di telecomunicazioni;<\/li><li>studi o societ\u00e0 nell\u2019ambito di rapporti di assistenza e consulenza;<\/li><li>autorit\u00e0 competenti per adempimenti di obblighi di leggi e\/o di disposizioni di organi pubblici, su richiesta.<\/li><\/ul>\n\n\n\n<p>I soggetti appartenenti alle categorie suddette svolgono la funzione di Responsabile del trattamento dei dati, oppure operano in totale autonomia come distinti Titolari del trattamento. L\u2019elenco dei responsabili \u00e8 costantemente aggiornato e disponibile presso la sede di Costanzo & Associati, sede legale e Amministrativa: Via Tortona, 37 - 20144 Milano. Ogni ulteriore comunicazione o diffusione avverr\u00e0 solo previo Suo esplicito consenso.<\/p>\n\n\n\n<h3 class=\"wp-block-heading\">6) Natura del conferimento e rifiuto<\/h3>\n\n\n\n<p>A parte quanto specificato per i dati di navigazione, l\u2019utente \u00e8 libero di fornire i dati personali. Il conferimento dei dati per le finalit\u00e0 di cui al punto A) \u00e8 necessario. L\u2019eventuale rifiuto del conferimento dei dati per le finalit\u00e0 al punto A) comporta l\u2019impossibilit\u00e0 di ottenere quanto richiesto o per usufruire dei servizi del Titolare del trattamento. Il conferimento del consenso al trattamento dei dati per le finalit\u00e0 di cui al punto B), \u00e8 facoltativo. L\u2019eventuale rifiuto del consenso per le finalit\u00e0 illustrate nel punto B), non produrr\u00e0 alcuna negativa per le finalit\u00e0 di cui al punto A).<\/p>\n\n\n\n<h3 class=\"wp-block-heading\">7) Diritti degli interessati<\/h3>\n\n\n\n<p>Lei potr\u00e0 far valere i propri diritti come espressi dall\u2019art. 7, 8, 9 e 10 del D.Lgs. 30 giugno 2003 n. 196, rivolgendosi al titolare, oppure al responsabile del trattamento, contattando la ns. sede al numero di telefono [legal_tel], oppure inviando una mail all\u2019indirizzo info@costanzoeassociati.it. Lei ha il diritto, in qualunque momento, di ottenere la conferma dell\u2019esistenza o meno dei dati e di conoscerne il contenuto e l\u2019origine, verificarne l\u2019esattezza o chiederne l\u2019integrazione o l\u2019aggiornamento, oppure la rettificazione (articolo 7 del Codice in materia di protezione dei dati personali). Ai sensi del medesimo articolo si ha il diritto di chiedere la cancellazione, la trasformazione in forma anonima o il blocco dei dati trattati in violazione di legge, nonch\u00e9 di opporsi in ogni caso, per motivi legittimi, al loro trattamento.<br>Qualora contatti il titolare \u00e8 pregato di fornire l\u2019indirizzo di posta elettronica, il nominativo, l\u2019indirizzo e\/o i numeri di telefono, al fine di permettere la corretta gestione della richiesta.<\/p>\n\n\n\n<h3 class=\"wp-block-heading\">8) Modifiche all\u2019informativa sulla privacy<\/h3>\n\n\n\n<p>Il titolare si riserva il diritto di modificare, aggiornare, aggiungere o rimuovere parti della presente informativa sulla privacy a propria discrezione e in qualsiasi momento. La persona interessata \u00e8 tenuta a verificare periodicamente le eventuali modifiche. Al fine di facilitare tale verifica l\u2019informativa conterr\u00e0 l\u2019indicazione della data di aggiornamento dell\u2019informativa. L\u2019utilizzo del sito, dopo la pubblicazione delle modifiche, costituir\u00e0 accettazione delle stesse.<\/p>\n\n\n\n<h3 class=\"wp-block-heading\">9) Social plug-in<\/h3>\n\n\n\n<p>Le nostre pagine web potrebbero contenere plug-in dei Social Networks (es. FaceBook.com, gestito da Facebook Inc., 1601 S. California Ave, Palo Alto, CA 94304, Stati Uniti (\u201cFacebook\u201d). Se si accede a una delle nostre pagine web dotata di un simile plug-in, il browser internet si collega direttamente al social e il plug-in viene visualizzato sullo schermo grazie alla connessione con il browser. Prima dell\u2019utilizzo di tali Plug-in ti invitiamo a consultare la politica privacy degli stessi social networks, sulle loro pagine ufficiali.<\/p>\n\n\n\n<p><em>Data di aggiornamento 10\/05\/2015<\/em><\/p>\n\n\n\n<p>Per maggiori informazioni visualizza anche la <a href=\"\/cookies-policy\/\">policy sui cookies<\/a> e i &nbsp;<a href=\"\/termini-e-condizioni\/\">termini e le&nbsp;condizioni generali<\/a><\/p>\n<div style=\"min-height: 30px;display: inline-block;\"><\/div>","protected":false},"excerpt":{"rendered":"<p>Informativa per trattamento di dati personali \u2013 Documento informativo ai sensi e per gli&nbsp;effetti di cui all\u2019articolo 13, D.Lgs. 30 giugno 2003 n. 196 In osservanza al D.Lgs. 30 giugno 2003 n. 196 (Codice Privacy) e successive variazioni, siamo a fornirLe le dovute informazioni in ordine al trattamento dei dati personali da lei forniti. L\u2019informativa [&hellip;]<\/p>\n","protected":false},"author":1,"featured_media":0,"parent":0,"menu_order":0,"comment_status":"closed","ping_status":"closed","template":"","meta":{"_acf_changed":false,"footnotes":""},"class_list":["post-206","page","type-page","status-publish","hentry"],"acf":[],"yoast_head":"<!-- This site is optimized with the Yoast SEO plugin v27.2 - https:\/\/yoast.com\/product\/yoast-seo-wordpress\/ -->\n<title>Privacy - Costanzo e Associati<\/title>\n<meta name=\"robots\" content=\"index, follow, max-snippet:-1, max-image-preview:large, max-video-preview:-1\" \/>\n<link rel=\"canonical\" href=\"https:\/\/www.costanzoeassociati.it\/en\/privacy\/\" \/>\n<meta property=\"og:locale\" content=\"en_GB\" \/>\n<meta property=\"og:type\" content=\"article\" \/>\n<meta property=\"og:title\" content=\"Privacy - Costanzo e Associati\" \/>\n<meta property=\"og:description\" content=\"Informativa per trattamento di dati personali \u2013 Documento informativo ai sensi e per gli&nbsp;effetti di cui all\u2019articolo 13, D.Lgs. 30 giugno 2003 n. 196 In osservanza al D.Lgs. 30 giugno 2003 n. 196 (Codice Privacy) e successive variazioni, siamo a fornirLe le dovute informazioni in ordine al trattamento dei dati personali da lei forniti. L\u2019informativa [&hellip;]\" \/>\n<meta property=\"og:url\" content=\"https:\/\/www.costanzoeassociati.it\/en\/privacy\/\" \/>\n<meta property=\"og:site_name\" content=\"Costanzo e Associati\" \/>\n<meta property=\"article:modified_time\" content=\"2021-05-22T20:51:06+00:00\" \/>\n<meta name=\"twitter:card\" content=\"summary_large_image\" \/>\n<meta name=\"twitter:label1\" content=\"Estimated reading time\" \/>\n\t<meta name=\"twitter:data1\" content=\"7 minutes\" \/>\n<script type=\"application\/ld+json\" class=\"yoast-schema-graph\">{\"@context\":\"https:\/\/schema.org\",\"@graph\":[{\"@type\":\"WebPage\",\"@id\":\"https:\/\/www.costanzoeassociati.it\/privacy\/\",\"url\":\"https:\/\/www.costanzoeassociati.it\/privacy\/\",\"name\":\"Privacy - Costanzo e Associati\",\"isPartOf\":{\"@id\":\"https:\/\/www.costanzoeassociati.it\/#website\"},\"datePublished\":\"2016-09-09T13:41:33+00:00\",\"dateModified\":\"2021-05-22T20:51:06+00:00\",\"breadcrumb\":{\"@id\":\"https:\/\/www.costanzoeassociati.it\/privacy\/#breadcrumb\"},\"inLanguage\":\"en-GB\",\"potentialAction\":[{\"@type\":\"ReadAction\",\"target\":[\"https:\/\/www.costanzoeassociati.it\/privacy\/\"]}]},{\"@type\":\"BreadcrumbList\",\"@id\":\"https:\/\/www.costanzoeassociati.it\/privacy\/#breadcrumb\",\"itemListElement\":[{\"@type\":\"ListItem\",\"position\":1,\"name\":\"Home\",\"item\":\"https:\/\/www.costanzoeassociati.it\/\"},{\"@type\":\"ListItem\",\"position\":2,\"name\":\"Privacy\"}]},{\"@type\":\"WebSite\",\"@id\":\"https:\/\/www.costanzoeassociati.it\/#website\",\"url\":\"https:\/\/www.costanzoeassociati.it\/\",\"name\":\"Costanzo e Associati\",\"description\":\"Consulenti di impresa\",\"publisher\":{\"@id\":\"https:\/\/www.costanzoeassociati.it\/#organization\"},\"potentialAction\":[{\"@type\":\"SearchAction\",\"target\":{\"@type\":\"EntryPoint\",\"urlTemplate\":\"https:\/\/www.costanzoeassociati.it\/?s={search_term_string}\"},\"query-input\":{\"@type\":\"PropertyValueSpecification\",\"valueRequired\":true,\"valueName\":\"search_term_string\"}}],\"inLanguage\":\"en-GB\"},{\"@type\":\"Organization\",\"@id\":\"https:\/\/www.costanzoeassociati.it\/#organization\",\"name\":\"Costanzo & Associati\",\"url\":\"https:\/\/www.costanzoeassociati.it\/\",\"logo\":{\"@type\":\"ImageObject\",\"inLanguage\":\"en-GB\",\"@id\":\"https:\/\/www.costanzoeassociati.it\/#\/schema\/logo\/image\/\",\"url\":\"https:\/\/www.costanzoeassociati.it\/wp-content\/uploads\/2016\/08\/logo-white.png\",\"contentUrl\":\"https:\/\/www.costanzoeassociati.it\/wp-content\/uploads\/2016\/08\/logo-white.png\",\"width\":285,\"height\":46,\"caption\":\"Costanzo & Associati\"},\"image\":{\"@id\":\"https:\/\/www.costanzoeassociati.it\/#\/schema\/logo\/image\/\"}}]}<\/script>\n<!-- \/ Yoast SEO plugin. -->","yoast_head_json":{"title":"Privacy - Costanzo e Associati","robots":{"index":"index","follow":"follow","max-snippet":"max-snippet:-1","max-image-preview":"max-image-preview:large","max-video-preview":"max-video-preview:-1"},"canonical":"https:\/\/www.costanzoeassociati.it\/en\/privacy\/","og_locale":"en_GB","og_type":"article","og_title":"Privacy - Costanzo e Associati","og_description":"Informativa per trattamento di dati personali \u2013 Documento informativo ai sensi e per gli&nbsp;effetti di cui all\u2019articolo 13, D.Lgs. 30 giugno 2003 n. 196 In osservanza al D.Lgs. 30 giugno 2003 n. 196 (Codice Privacy) e successive variazioni, siamo a fornirLe le dovute informazioni in ordine al trattamento dei dati personali da lei forniti. L\u2019informativa [&hellip;]","og_url":"https:\/\/www.costanzoeassociati.it\/en\/privacy\/","og_site_name":"Costanzo e Associati","article_modified_time":"2021-05-22T20:51:06+00:00","twitter_card":"summary_large_image","twitter_misc":{"Estimated reading time":"7 minutes"},"schema":{"@context":"https:\/\/schema.org","@graph":[{"@type":"WebPage","@id":"https:\/\/www.costanzoeassociati.it\/privacy\/","url":"https:\/\/www.costanzoeassociati.it\/privacy\/","name":"Privacy - Costanzo e Associati","isPartOf":{"@id":"https:\/\/www.costanzoeassociati.it\/#website"},"datePublished":"2016-09-09T13:41:33+00:00","dateModified":"2021-05-22T20:51:06+00:00","breadcrumb":{"@id":"https:\/\/www.costanzoeassociati.it\/privacy\/#breadcrumb"},"inLanguage":"en-GB","potentialAction":[{"@type":"ReadAction","target":["https:\/\/www.costanzoeassociati.it\/privacy\/"]}]},{"@type":"BreadcrumbList","@id":"https:\/\/www.costanzoeassociati.it\/privacy\/#breadcrumb","itemListElement":[{"@type":"ListItem","position":1,"name":"Home","item":"https:\/\/www.costanzoeassociati.it\/"},{"@type":"ListItem","position":2,"name":"Privacy"}]},{"@type":"WebSite","@id":"https:\/\/www.costanzoeassociati.it\/#website","url":"https:\/\/www.costanzoeassociati.it\/","name":"Costanzo e Associati","description":"Consulenti di impresa","publisher":{"@id":"https:\/\/www.costanzoeassociati.it\/#organization"},"potentialAction":[{"@type":"SearchAction","target":{"@type":"EntryPoint","urlTemplate":"https:\/\/www.costanzoeassociati.it\/?s={search_term_string}"},"query-input":{"@type":"PropertyValueSpecification","valueRequired":true,"valueName":"search_term_string"}}],"inLanguage":"en-GB"},{"@type":"Organization","@id":"https:\/\/www.costanzoeassociati.it\/#organization","name":"Costanzo & Associati","url":"https:\/\/www.costanzoeassociati.it\/","logo":{"@type":"ImageObject","inLanguage":"en-GB","@id":"https:\/\/www.costanzoeassociati.it\/#\/schema\/logo\/image\/","url":"https:\/\/www.costanzoeassociati.it\/wp-content\/uploads\/2016\/08\/logo-white.png","contentUrl":"https:\/\/www.costanzoeassociati.it\/wp-content\/uploads\/2016\/08\/logo-white.png","width":285,"height":46,"caption":"Costanzo & Associati"},"image":{"@id":"https:\/\/www.costanzoeassociati.it\/#\/schema\/logo\/image\/"}}]}},"_links":{"self":[{"href":"https:\/\/www.costanzoeassociati.it\/en\/wp-json\/wp\/v2\/pages\/206","targetHints":{"allow":["GET"]}}],"collection":[{"href":"https:\/\/www.costanzoeassociati.it\/en\/wp-json\/wp\/v2\/pages"}],"about":[{"href":"https:\/\/www.costanzoeassociati.it\/en\/wp-json\/wp\/v2\/types\/page"}],"author":[{"embeddable":true,"href":"https:\/\/www.costanzoeassociati.it\/en\/wp-json\/wp\/v2\/users\/1"}],"replies":[{"embeddable":true,"href":"https:\/\/www.costanzoeassociati.it\/en\/wp-json\/wp\/v2\/comments?post=206"}],"version-history":[{"count":5,"href":"https:\/\/www.costanzoeassociati.it\/en\/wp-json\/wp\/v2\/pages\/206\/revisions"}],"predecessor-version":[{"id":2599,"href":"https:\/\/www.costanzoeassociati.it\/en\/wp-json\/wp\/v2\/pages\/206\/revisions\/2599"}],"wp:attachment":[{"href":"https:\/\/www.costanzoeassociati.it\/en\/wp-json\/wp\/v2\/media?parent=206"}],"curies":[{"name":"wp","href":"https:\/\/api.w.org\/{rel}","templated":true}]}}