{"id":3056,"date":"2022-06-06T13:43:38","date_gmt":"2022-06-06T13:43:38","guid":{"rendered":"https:\/\/www.costanzoeassociati.it\/?page_id=3056"},"modified":"2026-02-17T11:32:18","modified_gmt":"2026-02-17T11:32:18","slug":"lavora-con-noi","status":"publish","type":"page","link":"https:\/\/www.costanzoeassociati.it\/en\/lavora-con-noi\/","title":{"rendered":"Lavora con noi"},"content":{"rendered":"\n<h2 class=\"wp-block-heading\">Siamo pronti a valorizzare il tuo talento<\/h2>\n\n\n\n<p>CA Group \u00e8 una realt\u00e0 dalle molteplici opportunit\u00e0 di crescita professionale in grado di assicurare lo sviluppo e il continuo monitoraggio del business. Un team di professionisti a disposizione dell\u2019impresa garantisce professionalit\u00e0, curve di esperienza e modelli organizzativi e di analisi per il raggiungimento dell\u2019obiettivo prefissato con il cliente.<\/p>\n\n\n\n<div class=\"wp-block-buttons lavora-con-noi__btn is-layout-flex wp-block-buttons-is-layout-flex\">\n<div class=\"wp-block-button\"><a class=\"wp-block-button__link wp-element-button\" href=\"https:\/\/www.costanzoeassociati.it\/company-profile\/\">Company Profile<\/a><\/div>\n<\/div>\n\n\n\n<h3 class=\"wp-block-heading\">Vuoi entrare a far parte del nostro team?<\/h3>\n\n\n\n<p>Compila il form ed invia la tua candidatura.<\/p>\n\n\n\n<p>I campi segnati con un asterisco (*) sono obbligatori<\/p>\n\n\n<script type=\"text\/javascript\">\n\/* <![CDATA[ *\/\nvar gform;gform||(document.addEventListener(\"gform_main_scripts_loaded\",function(){gform.scriptsLoaded=!0}),document.addEventListener(\"gform\/theme\/scripts_loaded\",function(){gform.themeScriptsLoaded=!0}),window.addEventListener(\"DOMContentLoaded\",function(){gform.domLoaded=!0}),gform={domLoaded:!1,scriptsLoaded:!1,themeScriptsLoaded:!1,isFormEditor:()=>\"function\"==typeof InitializeEditor,callIfLoaded:function(o){return!(!gform.domLoaded||!gform.scriptsLoaded||!gform.themeScriptsLoaded&&!gform.isFormEditor()||(gform.isFormEditor()&&console.warn(\"The use of gform.initializeOnLoaded() is deprecated in the form editor context and will be removed in Gravity Forms 3.1.\"),o(),0))},initializeOnLoaded:function(o){gform.callIfLoaded(o)||(document.addEventListener(\"gform_main_scripts_loaded\",()=>{gform.scriptsLoaded=!0,gform.callIfLoaded(o)}),document.addEventListener(\"gform\/theme\/scripts_loaded\",()=>{gform.themeScriptsLoaded=!0,gform.callIfLoaded(o)}),window.addEventListener(\"DOMContentLoaded\",()=>{gform.domLoaded=!0,gform.callIfLoaded(o)}))},hooks:{action:{},filter:{}},addAction:function(o,r,e,t){gform.addHook(\"action\",o,r,e,t)},addFilter:function(o,r,e,t){gform.addHook(\"filter\",o,r,e,t)},doAction:function(o){gform.doHook(\"action\",o,arguments)},applyFilters:function(o){return gform.doHook(\"filter\",o,arguments)},removeAction:function(o,r){gform.removeHook(\"action\",o,r)},removeFilter:function(o,r,e){gform.removeHook(\"filter\",o,r,e)},addHook:function(o,r,e,t,n){null==gform.hooks[o][r]&&(gform.hooks[o][r]=[]);var d=gform.hooks[o][r];null==n&&(n=r+\"_\"+d.length),gform.hooks[o][r].push({tag:n,callable:e,priority:t=null==t?10:t})},doHook:function(r,o,e){var t;if(e=Array.prototype.slice.call(e,1),null!=gform.hooks[r][o]&&((o=gform.hooks[r][o]).sort(function(o,r){return o.priority-r.priority}),o.forEach(function(o){\"function\"!=typeof(t=o.callable)&&(t=window[t]),\"action\"==r?t.apply(null,e):e[0]=t.apply(null,e)})),\"filter\"==r)return e[0]},removeHook:function(o,r,t,n){var e;null!=gform.hooks[o][r]&&(e=(e=gform.hooks[o][r]).filter(function(o,r,e){return!!(null!=n&&n!=o.tag||null!=t&&t!=o.priority)}),gform.hooks[o][r]=e)}});\n\/* ]]> *\/\n<\/script>\n\n                <div class='gf_browser_gecko gform_wrapper gravity-theme gform-theme--no-framework' data-form-theme='gravity-theme' data-form-index='0' id='gform_wrapper_3' >\n                        <div class='gform_heading'>\n\t\t\t\t\t\t\t<p class='gform_required_legend'>&quot;<span class=\"gfield_required gfield_required_asterisk\">*<\/span>&quot; indicates required fields<\/p>\n                        <\/div><form method='post' enctype='multipart\/form-data'  id='gform_3'  action='\/en\/wp-json\/wp\/v2\/pages\/3056' data-formid='3' novalidate>\n                        <div class='gform-body gform_body'><div id='gform_fields_3' class='gform_fields top_label form_sublabel_below description_below validation_below'><div id=\"field_3_16\" class=\"gfield gfield--type-honeypot gform_validation_container field_sublabel_below gfield--has-description field_description_below field_validation_below gfield_visibility_visible\"  ><label class='gfield_label gform-field-label' for='input_3_16'>Facebook<\/label><div class='ginput_container'><input name='input_16' id='input_3_16' type='text' value='' autocomplete='new-password'\/><\/div><div class='gfield_description' id='gfield_description_3_16'>This field is for validation purposes and should be left unchanged.<\/div><\/div><div id=\"field_3_7\" class=\"gfield gfield--type-text gfield--input-type-text gf_left_half gfield--width-half gfield_contains_required field_sublabel_below gfield--no-description field_description_below hidden_label field_validation_below gfield_visibility_visible\"  ><label class='gfield_label gform-field-label' for='input_3_7'>Nome<span class=\"gfield_required\"><span class=\"gfield_required gfield_required_asterisk\">*<\/span><\/span><\/label><div class='ginput_container ginput_container_text'><input name='input_7' id='input_3_7' type='text' value='' class='large'    placeholder='Nome' aria-required=\"true\" aria-invalid=\"false\"   \/><\/div><\/div><div id=\"field_3_9\" class=\"gfield gfield--type-text gfield--input-type-text gf_right_half gfield--width-half gfield_contains_required field_sublabel_below gfield--no-description field_description_below hidden_label field_validation_below gfield_visibility_visible\"  ><label class='gfield_label gform-field-label' for='input_3_9'>Cognome<span class=\"gfield_required\"><span class=\"gfield_required gfield_required_asterisk\">*<\/span><\/span><\/label><div class='ginput_container ginput_container_text'><input name='input_9' id='input_3_9' type='text' value='' class='large'    placeholder='Cognome' aria-required=\"true\" aria-invalid=\"false\"   \/><\/div><\/div><div id=\"field_3_10\" class=\"gfield gfield--type-phone gfield--input-type-phone gf_left_half gfield--width-half field_sublabel_below gfield--no-description field_description_below hidden_label field_validation_below gfield_visibility_visible\"  ><label class='gfield_label gform-field-label' for='input_3_10'>Telefono<\/label><div class='ginput_container ginput_container_phone'><input name='input_10' id='input_3_10' type='tel' value='' class='large'  placeholder='Telefono'  aria-invalid=\"false\"   \/><\/div><\/div><div id=\"field_3_8\" class=\"gfield gfield--type-text gfield--input-type-text gf_right_half gfield--width-half gfield_contains_required field_sublabel_below gfield--no-description field_description_below hidden_label field_validation_below gfield_visibility_visible\"  ><label class='gfield_label gform-field-label' for='input_3_8'>email<span class=\"gfield_required\"><span class=\"gfield_required gfield_required_asterisk\">*<\/span><\/span><\/label><div class='ginput_container ginput_container_text'><input name='input_8' id='input_3_8' type='text' value='' class='large'    placeholder='Email' aria-required=\"true\" aria-invalid=\"false\"   \/><\/div><\/div><div id=\"field_3_13\" class=\"gfield gfield--type-fileupload gfield--input-type-fileupload gfield--width-full gfield_contains_required field_sublabel_below gfield--no-description field_description_below field_validation_below gfield_visibility_visible\"  ><label class='gfield_label gform-field-label' for='input_3_13'>Curriculum<span class=\"gfield_required\"><span class=\"gfield_required gfield_required_asterisk\">*<\/span><\/span><\/label><div class='ginput_container ginput_container_fileupload'><input type='hidden' name='MAX_FILE_SIZE' value='4194304' \/><input name='input_13' id='input_3_13' type='file' class='large' aria-describedby=\"gfield_upload_rules_3_13\" onchange='javascript:gformValidateFileSize( this, 4194304 );'  \/><span class='gfield_description gform_fileupload_rules' id='gfield_upload_rules_3_13'>Max. file size: 4 MB.<\/span><div class='gfield_description validation_message gfield_validation_message validation_message--hidden-on-empty' id='live_validation_message_3_13'><\/div> <\/div><\/div><div id=\"field_3_14\" class=\"gfield gfield--type-textarea gfield--input-type-textarea gfield--width-full field_sublabel_below gfield--no-description field_description_below field_validation_below gfield_visibility_visible\"  ><label class='gfield_label gform-field-label' for='input_3_14'>Informazioni aggiuntive<\/label><div class='ginput_container ginput_container_textarea'><textarea name='input_14' id='input_3_14' class='textarea large'      aria-invalid=\"false\"   rows='10' cols='50'><\/textarea><\/div><\/div><fieldset id=\"field_3_12\" class=\"gfield gfield--type-consent gfield--type-choice gfield--input-type-consent gfield--width-full gfield_contains_required field_sublabel_below gfield--no-description field_description_below hidden_label field_validation_below gfield_visibility_visible\"  ><legend class='gfield_label gform-field-label gfield_label_before_complex' >Privacy<span class=\"gfield_required\"><span class=\"gfield_required gfield_required_asterisk\">*<\/span><\/span><\/legend><div class='ginput_container ginput_container_consent'><input name='input_12.1' id='input_3_12_1' type='checkbox' value='1'   aria-required=\"true\" aria-invalid=\"false\"   \/> <label class=\"gform-field-label gform-field-label--type-inline gfield_consent_label\" for='input_3_12_1' >Acconsento al trattamento dei miei dati personali secondo l\u2019informativa contenuta nella pagina <a href=\"\/privacy\/\">Privacy Policy<\/a><span class=\"gfield_required gfield_required_asterisk\">*<\/span><\/label><input type='hidden' name='input_12.2' value='Acconsento al trattamento dei miei dati personali secondo l\u2019informativa contenuta nella pagina &lt;a href=&quot;\/privacy\/&quot;&gt;Privacy Policy&lt;\/a&gt;' class='gform_hidden' \/><input type='hidden' name='input_12.3' value='2' class='gform_hidden' \/><\/div><\/fieldset><div id=\"field_3_15\" class=\"gfield gfield--type-captcha gfield--input-type-captcha gfield--width-full field_sublabel_below gfield--no-description field_description_below hidden_label field_validation_below gfield_visibility_visible\"  ><label class='gfield_label gform-field-label' for='input_3_15'>CAPTCHA<\/label><div id='input_3_15' class='ginput_container ginput_recaptcha' data-sitekey='6LeIyiwrAAAAAAq4h1q18naJ-HUSkV6EDhAReuWz'  data-theme='light' data-tabindex='-1' data-size='invisible' data-badge='bottomright'><\/div><\/div><\/div><\/div>\n        <div class='gform-footer gform_footer top_label'> <input type='submit' id='gform_submit_button_3' class='gform_button button' onclick='gform.submission.handleButtonClick(this);' data-submission-type='submit' value='Invia candidatura'  \/> \n            <input type='hidden' class='gform_hidden' name='gform_submission_method' data-js='gform_submission_method_3' value='postback' \/>\n            <input type='hidden' class='gform_hidden' name='gform_theme' data-js='gform_theme_3' id='gform_theme_3' value='gravity-theme' \/>\n            <input type='hidden' class='gform_hidden' name='gform_style_settings' data-js='gform_style_settings_3' id='gform_style_settings_3' value='{&quot;inputPrimaryColor&quot;:&quot;#204ce5&quot;}' \/>\n            <input type='hidden' class='gform_hidden' name='is_submit_3' value='1' \/>\n            <input type='hidden' class='gform_hidden' name='gform_submit' value='3' \/>\n            \n            <input type='hidden' class='gform_hidden' name='gform_currency' data-currency='EUR' value='cDg59akoqwe7zDqygvxMREwymSxMzPl79nCNt4I4UZDp5qZ7kEtP+8oBp2ko0RUFJD7Ayd6Mvft8KnmXtHTqub2LhExUulv6+i5FC63bVhTkO5I=' \/>\n            <input type='hidden' class='gform_hidden' name='gform_unique_id' value='' \/>\n            <input type='hidden' class='gform_hidden' name='state_3' value='WyJ7XCIxMi4xXCI6XCI4ZTJjMmE1YzE3ZTY3ZGYzZmYzNzFlZDc5YzY4NjU3ZFwiLFwiMTIuMlwiOlwiZTUyOWFiOGZmMjUzMjA4NjE4NmU1ZWJkN2ZiNWY4MTBcIixcIjEyLjNcIjpcImY3MDE4YjcwOTU1OGQxOGU5N2RhYmY2YmQ5ODZlNTUwXCJ9IiwiMTFmZWM1YmQwMmIyZmI3NTA1MTE1N2U5MjkyYWUwMzEiXQ==' \/>\n            <input type='hidden' autocomplete='off' class='gform_hidden' name='gform_target_page_number_3' id='gform_target_page_number_3' value='0' \/>\n            <input type='hidden' autocomplete='off' class='gform_hidden' name='gform_source_page_number_3' id='gform_source_page_number_3' value='1' \/>\n            <input type='hidden' name='gform_field_values' value='' \/>\n            \n        <\/div>\n                        <\/form>\n                        <\/div><script type=\"text\/javascript\">\n\/* <![CDATA[ *\/\n gform.initializeOnLoaded( function() {gformInitSpinner( 3, 'https:\/\/www.costanzoeassociati.it\/wp-content\/plugins\/gravityforms\/images\/spinner.svg', true );jQuery('#gform_ajax_frame_3').on('load',function(){var contents = jQuery(this).contents().find('*').html();var is_postback = contents.indexOf('GF_AJAX_POSTBACK') >= 0;if(!is_postback){return;}var form_content = jQuery(this).contents().find('#gform_wrapper_3');var is_confirmation = jQuery(this).contents().find('#gform_confirmation_wrapper_3').length > 0;var is_redirect = contents.indexOf('gformRedirect(){') >= 0;var is_form = form_content.length > 0 && ! is_redirect && ! is_confirmation;var mt = parseInt(jQuery('html').css('margin-top'), 10) + parseInt(jQuery('body').css('margin-top'), 10) + 100;if(is_form){jQuery('#gform_wrapper_3').html(form_content.html());if(form_content.hasClass('gform_validation_error')){jQuery('#gform_wrapper_3').addClass('gform_validation_error');} else {jQuery('#gform_wrapper_3').removeClass('gform_validation_error');}setTimeout( function() { \/* delay the scroll by 50 milliseconds to fix a bug in chrome *\/  }, 50 );if(window['gformInitDatepicker']) {gformInitDatepicker();}if(window['gformInitPriceFields']) {gformInitPriceFields();}var current_page = jQuery('#gform_source_page_number_3').val();gformInitSpinner( 3, 'https:\/\/www.costanzoeassociati.it\/wp-content\/plugins\/gravityforms\/images\/spinner.svg', true );jQuery(document).trigger('gform_page_loaded', [3, current_page]);window['gf_submitting_3'] = false;}else if(!is_redirect){var confirmation_content = jQuery(this).contents().find('.GF_AJAX_POSTBACK').html();if(!confirmation_content){confirmation_content = contents;}jQuery('#gform_wrapper_3').replaceWith(confirmation_content);jQuery(document).trigger('gform_confirmation_loaded', [3]);window['gf_submitting_3'] = false;wp.a11y.speak(jQuery('#gform_confirmation_message_3').text());}else{jQuery('#gform_3').append(contents);if(window['gformRedirect']) {gformRedirect();}}jQuery(document).trigger(\"gform_pre_post_render\", [{ formId: \"3\", currentPage: \"current_page\", abort: function() { this.preventDefault(); } }]);        if (event && event.defaultPrevented) {                return;        }        const gformWrapperDiv = document.getElementById( \"gform_wrapper_3\" );        if ( gformWrapperDiv ) {            const visibilitySpan = document.createElement( \"span\" );            visibilitySpan.id = \"gform_visibility_test_3\";            gformWrapperDiv.insertAdjacentElement( \"afterend\", visibilitySpan );        }        const visibilityTestDiv = document.getElementById( \"gform_visibility_test_3\" );        let postRenderFired = false;        function triggerPostRender() {            if ( postRenderFired ) {                return;            }            postRenderFired = true;            gform.core.triggerPostRenderEvents( 3, current_page );            if ( visibilityTestDiv ) {                visibilityTestDiv.parentNode.removeChild( visibilityTestDiv );            }        }        function debounce( func, wait, immediate ) {            var timeout;            return function() {                var context = this, args = arguments;                var later = function() {                    timeout = null;                    if ( !immediate ) func.apply( context, args );                };                var callNow = immediate && !timeout;                clearTimeout( timeout );                timeout = setTimeout( later, wait );                if ( callNow ) func.apply( context, args );            };        }        const debouncedTriggerPostRender = debounce( function() {            triggerPostRender();        }, 200 );        if ( visibilityTestDiv && visibilityTestDiv.offsetParent === null ) {            const observer = new MutationObserver( ( mutations ) => {                mutations.forEach( ( mutation ) => {                    if ( mutation.type === 'attributes' && visibilityTestDiv.offsetParent !== null ) {                        debouncedTriggerPostRender();                        observer.disconnect();                    }                });            });            observer.observe( document.body, {                attributes: true,                childList: false,                subtree: true,                attributeFilter: [ 'style', 'class' ],            });        } else {            triggerPostRender();        }    } );} ); \n\/* ]]> *\/\n<\/script>\n<div style=\"min-height: 30px;display: inline-block;\"><\/div>","protected":false},"excerpt":{"rendered":"<p>Siamo pronti a valorizzare il tuo talento CA Group \u00e8 una realt\u00e0 dalle molteplici opportunit\u00e0 di crescita professionale in grado di assicurare lo sviluppo e il continuo monitoraggio del business. Un team di professionisti a disposizione dell\u2019impresa garantisce professionalit\u00e0, curve di esperienza e modelli organizzativi e di analisi per il raggiungimento dell\u2019obiettivo prefissato con il [&hellip;]<\/p>\n","protected":false},"author":1,"featured_media":0,"parent":0,"menu_order":0,"comment_status":"closed","ping_status":"closed","template":"","meta":{"_acf_changed":false,"footnotes":""},"class_list":["post-3056","page","type-page","status-publish","hentry"],"acf":[],"yoast_head":"<!-- This site is optimized with the Yoast SEO plugin v27.2 - https:\/\/yoast.com\/product\/yoast-seo-wordpress\/ -->\n<title>Lavora con noi - Costanzo e Associati<\/title>\n<meta name=\"robots\" content=\"index, follow, max-snippet:-1, max-image-preview:large, max-video-preview:-1\" \/>\n<link rel=\"canonical\" href=\"https:\/\/www.costanzoeassociati.it\/en\/lavora-con-noi\/\" \/>\n<meta property=\"og:locale\" content=\"en_GB\" \/>\n<meta property=\"og:type\" content=\"article\" \/>\n<meta property=\"og:title\" content=\"Lavora con noi - Costanzo e Associati\" \/>\n<meta property=\"og:description\" content=\"Siamo pronti a valorizzare il tuo talento CA Group \u00e8 una realt\u00e0 dalle molteplici opportunit\u00e0 di crescita professionale in grado di assicurare lo sviluppo e il continuo monitoraggio del business. Un team di professionisti a disposizione dell\u2019impresa garantisce professionalit\u00e0, curve di esperienza e modelli organizzativi e di analisi per il raggiungimento dell\u2019obiettivo prefissato con il [&hellip;]\" \/>\n<meta property=\"og:url\" content=\"https:\/\/www.costanzoeassociati.it\/en\/lavora-con-noi\/\" \/>\n<meta property=\"og:site_name\" content=\"Costanzo e Associati\" \/>\n<meta property=\"article:modified_time\" content=\"2026-02-17T11:32:18+00:00\" \/>\n<meta name=\"twitter:card\" content=\"summary_large_image\" \/>\n<meta name=\"twitter:label1\" content=\"Estimated reading time\" \/>\n\t<meta name=\"twitter:data1\" content=\"1 minute\" \/>\n<script type=\"application\/ld+json\" class=\"yoast-schema-graph\">{\"@context\":\"https:\/\/schema.org\",\"@graph\":[{\"@type\":\"WebPage\",\"@id\":\"https:\/\/www.costanzoeassociati.it\/lavora-con-noi\/\",\"url\":\"https:\/\/www.costanzoeassociati.it\/lavora-con-noi\/\",\"name\":\"Lavora con noi - Costanzo e Associati\",\"isPartOf\":{\"@id\":\"https:\/\/www.costanzoeassociati.it\/#website\"},\"datePublished\":\"2022-06-06T13:43:38+00:00\",\"dateModified\":\"2026-02-17T11:32:18+00:00\",\"breadcrumb\":{\"@id\":\"https:\/\/www.costanzoeassociati.it\/lavora-con-noi\/#breadcrumb\"},\"inLanguage\":\"en-GB\",\"potentialAction\":[{\"@type\":\"ReadAction\",\"target\":[\"https:\/\/www.costanzoeassociati.it\/lavora-con-noi\/\"]}]},{\"@type\":\"BreadcrumbList\",\"@id\":\"https:\/\/www.costanzoeassociati.it\/lavora-con-noi\/#breadcrumb\",\"itemListElement\":[{\"@type\":\"ListItem\",\"position\":1,\"name\":\"Home\",\"item\":\"https:\/\/www.costanzoeassociati.it\/\"},{\"@type\":\"ListItem\",\"position\":2,\"name\":\"Lavora con noi\"}]},{\"@type\":\"WebSite\",\"@id\":\"https:\/\/www.costanzoeassociati.it\/#website\",\"url\":\"https:\/\/www.costanzoeassociati.it\/\",\"name\":\"Costanzo e Associati\",\"description\":\"Consulenti di impresa\",\"publisher\":{\"@id\":\"https:\/\/www.costanzoeassociati.it\/#organization\"},\"potentialAction\":[{\"@type\":\"SearchAction\",\"target\":{\"@type\":\"EntryPoint\",\"urlTemplate\":\"https:\/\/www.costanzoeassociati.it\/?s={search_term_string}\"},\"query-input\":{\"@type\":\"PropertyValueSpecification\",\"valueRequired\":true,\"valueName\":\"search_term_string\"}}],\"inLanguage\":\"en-GB\"},{\"@type\":\"Organization\",\"@id\":\"https:\/\/www.costanzoeassociati.it\/#organization\",\"name\":\"Costanzo & Associati\",\"url\":\"https:\/\/www.costanzoeassociati.it\/\",\"logo\":{\"@type\":\"ImageObject\",\"inLanguage\":\"en-GB\",\"@id\":\"https:\/\/www.costanzoeassociati.it\/#\/schema\/logo\/image\/\",\"url\":\"https:\/\/www.costanzoeassociati.it\/wp-content\/uploads\/2016\/08\/logo-white.png\",\"contentUrl\":\"https:\/\/www.costanzoeassociati.it\/wp-content\/uploads\/2016\/08\/logo-white.png\",\"width\":285,\"height\":46,\"caption\":\"Costanzo & Associati\"},\"image\":{\"@id\":\"https:\/\/www.costanzoeassociati.it\/#\/schema\/logo\/image\/\"}}]}<\/script>\n<!-- \/ Yoast SEO plugin. -->","yoast_head_json":{"title":"Lavora con noi - Costanzo e Associati","robots":{"index":"index","follow":"follow","max-snippet":"max-snippet:-1","max-image-preview":"max-image-preview:large","max-video-preview":"max-video-preview:-1"},"canonical":"https:\/\/www.costanzoeassociati.it\/en\/lavora-con-noi\/","og_locale":"en_GB","og_type":"article","og_title":"Lavora con noi - Costanzo e Associati","og_description":"Siamo pronti a valorizzare il tuo talento CA Group \u00e8 una realt\u00e0 dalle molteplici opportunit\u00e0 di crescita professionale in grado di assicurare lo sviluppo e il continuo monitoraggio del business. Un team di professionisti a disposizione dell\u2019impresa garantisce professionalit\u00e0, curve di esperienza e modelli organizzativi e di analisi per il raggiungimento dell\u2019obiettivo prefissato con il [&hellip;]","og_url":"https:\/\/www.costanzoeassociati.it\/en\/lavora-con-noi\/","og_site_name":"Costanzo e Associati","article_modified_time":"2026-02-17T11:32:18+00:00","twitter_card":"summary_large_image","twitter_misc":{"Estimated reading time":"1 minute"},"schema":{"@context":"https:\/\/schema.org","@graph":[{"@type":"WebPage","@id":"https:\/\/www.costanzoeassociati.it\/lavora-con-noi\/","url":"https:\/\/www.costanzoeassociati.it\/lavora-con-noi\/","name":"Lavora con noi - Costanzo e Associati","isPartOf":{"@id":"https:\/\/www.costanzoeassociati.it\/#website"},"datePublished":"2022-06-06T13:43:38+00:00","dateModified":"2026-02-17T11:32:18+00:00","breadcrumb":{"@id":"https:\/\/www.costanzoeassociati.it\/lavora-con-noi\/#breadcrumb"},"inLanguage":"en-GB","potentialAction":[{"@type":"ReadAction","target":["https:\/\/www.costanzoeassociati.it\/lavora-con-noi\/"]}]},{"@type":"BreadcrumbList","@id":"https:\/\/www.costanzoeassociati.it\/lavora-con-noi\/#breadcrumb","itemListElement":[{"@type":"ListItem","position":1,"name":"Home","item":"https:\/\/www.costanzoeassociati.it\/"},{"@type":"ListItem","position":2,"name":"Lavora con noi"}]},{"@type":"WebSite","@id":"https:\/\/www.costanzoeassociati.it\/#website","url":"https:\/\/www.costanzoeassociati.it\/","name":"Costanzo e Associati","description":"Consulenti di impresa","publisher":{"@id":"https:\/\/www.costanzoeassociati.it\/#organization"},"potentialAction":[{"@type":"SearchAction","target":{"@type":"EntryPoint","urlTemplate":"https:\/\/www.costanzoeassociati.it\/?s={search_term_string}"},"query-input":{"@type":"PropertyValueSpecification","valueRequired":true,"valueName":"search_term_string"}}],"inLanguage":"en-GB"},{"@type":"Organization","@id":"https:\/\/www.costanzoeassociati.it\/#organization","name":"Costanzo & Associati","url":"https:\/\/www.costanzoeassociati.it\/","logo":{"@type":"ImageObject","inLanguage":"en-GB","@id":"https:\/\/www.costanzoeassociati.it\/#\/schema\/logo\/image\/","url":"https:\/\/www.costanzoeassociati.it\/wp-content\/uploads\/2016\/08\/logo-white.png","contentUrl":"https:\/\/www.costanzoeassociati.it\/wp-content\/uploads\/2016\/08\/logo-white.png","width":285,"height":46,"caption":"Costanzo & Associati"},"image":{"@id":"https:\/\/www.costanzoeassociati.it\/#\/schema\/logo\/image\/"}}]}},"_links":{"self":[{"href":"https:\/\/www.costanzoeassociati.it\/en\/wp-json\/wp\/v2\/pages\/3056","targetHints":{"allow":["GET"]}}],"collection":[{"href":"https:\/\/www.costanzoeassociati.it\/en\/wp-json\/wp\/v2\/pages"}],"about":[{"href":"https:\/\/www.costanzoeassociati.it\/en\/wp-json\/wp\/v2\/types\/page"}],"author":[{"embeddable":true,"href":"https:\/\/www.costanzoeassociati.it\/en\/wp-json\/wp\/v2\/users\/1"}],"replies":[{"embeddable":true,"href":"https:\/\/www.costanzoeassociati.it\/en\/wp-json\/wp\/v2\/comments?post=3056"}],"version-history":[{"count":8,"href":"https:\/\/www.costanzoeassociati.it\/en\/wp-json\/wp\/v2\/pages\/3056\/revisions"}],"predecessor-version":[{"id":5142,"href":"https:\/\/www.costanzoeassociati.it\/en\/wp-json\/wp\/v2\/pages\/3056\/revisions\/5142"}],"wp:attachment":[{"href":"https:\/\/www.costanzoeassociati.it\/en\/wp-json\/wp\/v2\/media?parent=3056"}],"curies":[{"name":"wp","href":"https:\/\/api.w.org\/{rel}","templated":true}]}}